{"id":7301,"date":"2021-03-29T10:30:04","date_gmt":"2021-03-29T08:30:04","guid":{"rendered":"http:\/\/www.damchu.com\/?page_id=7301"},"modified":"2023-02-09T14:41:48","modified_gmt":"2023-02-09T12:41:48","slug":"ulule","status":"publish","type":"page","link":"https:\/\/www.damchu.com\/?page_id=7301","title":{"rendered":"ulule"},"content":{"rendered":"\n<div class=\"wp-block-media-text alignwide\"><figure class=\"wp-block-media-text__media\"><img loading=\"lazy\" decoding=\"async\" width=\"250\" height=\"250\" src=\"http:\/\/www.damchu.com\/wp-content\/uploads\/2021\/03\/Ulule_logo-e1617096055219.gif\" alt=\"\" class=\"wp-image-7277\"\/><\/figure><div class=\"wp-block-media-text__content\">\n<h1 class=\"wp-block-heading\">Ulule, c&rsquo;est quoi ?<\/h1>\n\n\n\n<p>Ulule est une plateforme de financement participatif avec contreparties en nature. Le site permet \u00e0 des projets originaux, cr\u00e9atifs, solidaires et innovants de se faire financer par leur communaut\u00e9.<\/p>\n\n\n\n<p>En \u00e9change des participations, la personne responsable du projet offre une ou plusieurs contreparties \u00e0 choisir.<\/p>\n<\/div><\/div>\n\n\n\n<p><\/p>\n\n\n\n<p><\/p>\n\n\n\n<div class=\"wp-block-media-text alignwide is-stacked-on-mobile\"><figure class=\"wp-block-media-text__media\"><img loading=\"lazy\" decoding=\"async\" width=\"1011\" height=\"626\" src=\"http:\/\/www.damchu.com\/wp-content\/uploads\/2021\/03\/ULULE-saison1.png\" alt=\"\" class=\"wp-image-7325\" srcset=\"https:\/\/www.damchu.com\/wp-content\/uploads\/2021\/03\/ULULE-saison1.png 1011w, https:\/\/www.damchu.com\/wp-content\/uploads\/2021\/03\/ULULE-saison1-300x186.png 300w, https:\/\/www.damchu.com\/wp-content\/uploads\/2021\/03\/ULULE-saison1-768x476.png 768w\" sizes=\"auto, (max-width: 1011px) 100vw, 1011px\" \/><\/figure><div class=\"wp-block-media-text__content\">\n<h2 class=\"wp-block-heading\">1er financement  &#8211; Janvier 2015<\/h2>\n\n\n\n<p style=\"text-align:left\">Equipement d&rsquo;une salle d&rsquo;expression artistique \u00e0 l&rsquo;\u00e9cole maternelle de Lung Nguu.<\/p>\n\n\n\n<div class=\"wp-block-button aligncenter\"><a class=\"wp-block-button__link\" href=\"https:\/\/fr.ulule.com\/enfants-lung-nguu\/\">D\u00e9tail ici&#8230;<\/a><\/div>\n<\/div><\/div>\n\n\n\n<p><\/p>\n\n\n\n<div class=\"wp-block-media-text alignwide\"><figure class=\"wp-block-media-text__media\"><img loading=\"lazy\" decoding=\"async\" width=\"1024\" height=\"595\" src=\"http:\/\/www.damchu.com\/wp-content\/uploads\/2021\/03\/ULULE-saison2-1024x595.png\" alt=\"\" class=\"wp-image-7326\" srcset=\"https:\/\/www.damchu.com\/wp-content\/uploads\/2021\/03\/ULULE-saison2-1024x595.png 1024w, https:\/\/www.damchu.com\/wp-content\/uploads\/2021\/03\/ULULE-saison2-300x174.png 300w, https:\/\/www.damchu.com\/wp-content\/uploads\/2021\/03\/ULULE-saison2-768x446.png 768w, https:\/\/www.damchu.com\/wp-content\/uploads\/2021\/03\/ULULE-saison2.png 1035w\" sizes=\"auto, (max-width: 1024px) 100vw, 1024px\" \/><\/figure><div class=\"wp-block-media-text__content\">\n<h2 class=\"wp-block-heading\">2\u00e8me financement &#8211; Juin 2016<\/h2>\n\n\n\n<p style=\"text-align:left\">Une belle aventure artistique et solidaire!<\/p>\n\n\n\n<p>R\u00e9alisation des fresques murales \u00e0 l&rsquo;\u00e9cole maternelle&nbsp; de Lung Nguu afin d&rsquo;obtenir le statut d&rsquo;\u00e9cole nationale. <\/p>\n\n\n\n<div class=\"wp-block-button aligncenter\"><a class=\"wp-block-button__link\" href=\"https:\/\/fr.ulule.com\/lung-nguu\/\">D\u00e9tail ici&#8230;.&nbsp;<\/a><\/div>\n<\/div><\/div>\n\n\n\n<p><\/p>\n\n\n\n<div class=\"wp-block-media-text alignwide\"><figure class=\"wp-block-media-text__media\"><img decoding=\"async\" src=\"http:\/\/www.damchu.com\/wp-content\/uploads\/2023\/02\/Ulule-saison3.jpg\" alt=\"\" class=\"wp-image-7326\"\/><\/figure><div class=\"wp-block-media-text__content\">\n<h2 class=\"wp-block-heading\">3\u00e8me financement &#8211; Juillet 2021<\/h2>\n\n\n\n<p style=\"text-align:left\">R\u00e9novation de la cour de l&rsquo;\u00e9cole maternelle.<\/p>\n\n\n\n<p> En raison du climat de mousson, le rev\u00eatement de la cour s&rsquo;est d\u00e9grad\u00e9 et il est source de danger pour la pratique des activit\u00e9s ext\u00e9rieures des enfants. <\/p>\n\n\n\n<div class=\"wp-block-button aligncenter\"><a class=\"wp-block-button__link\" href=\"https:\/\/fr.ulule.com\/tous-a-lecole-lung-nguu-3\/\">D\u00e9tail ici&#8230;.&nbsp;<\/a><\/div>\n<\/div><\/div>\n\n\n<p><\/p>\n<p><!-- \/wp:post-content --><\/p>","protected":false},"excerpt":{"rendered":"<p>Ulule, c&rsquo;est quoi ? Ulule est une plateforme de financement participatif avec contreparties en nature. Le site permet \u00e0 des projets originaux, cr\u00e9atifs, solidaires et innovants de se faire financer par leur communaut\u00e9. En \u00e9change des participations, la personne responsable &hellip; <a href=\"https:\/\/www.damchu.com\/?page_id=7301\">Continuer la lecture <span class=\"meta-nav\">&rarr;<\/span><\/a><\/p>\n","protected":false},"author":1,"featured_media":7277,"parent":76,"menu_order":1,"comment_status":"closed","ping_status":"closed","template":"onecolumn-page.php","meta":{"footnotes":""},"class_list":["post-7301","page","type-page","status-publish","has-post-thumbnail","hentry"],"_links":{"self":[{"href":"https:\/\/www.damchu.com\/index.php?rest_route=\/wp\/v2\/pages\/7301","targetHints":{"allow":["GET"]}}],"collection":[{"href":"https:\/\/www.damchu.com\/index.php?rest_route=\/wp\/v2\/pages"}],"about":[{"href":"https:\/\/www.damchu.com\/index.php?rest_route=\/wp\/v2\/types\/page"}],"author":[{"embeddable":true,"href":"https:\/\/www.damchu.com\/index.php?rest_route=\/wp\/v2\/users\/1"}],"replies":[{"embeddable":true,"href":"https:\/\/www.damchu.com\/index.php?rest_route=%2Fwp%2Fv2%2Fcomments&post=7301"}],"version-history":[{"count":47,"href":"https:\/\/www.damchu.com\/index.php?rest_route=\/wp\/v2\/pages\/7301\/revisions"}],"predecessor-version":[{"id":52480,"href":"https:\/\/www.damchu.com\/index.php?rest_route=\/wp\/v2\/pages\/7301\/revisions\/52480"}],"up":[{"embeddable":true,"href":"https:\/\/www.damchu.com\/index.php?rest_route=\/wp\/v2\/pages\/76"}],"wp:featuredmedia":[{"embeddable":true,"href":"https:\/\/www.damchu.com\/index.php?rest_route=\/wp\/v2\/media\/7277"}],"wp:attachment":[{"href":"https:\/\/www.damchu.com\/index.php?rest_route=%2Fwp%2Fv2%2Fmedia&parent=7301"}],"curies":[{"name":"wp","href":"https:\/\/api.w.org\/{rel}","templated":true}]}}