{"id":2331,"date":"2014-12-16T19:32:43","date_gmt":"2014-12-16T17:32:43","guid":{"rendered":"http:\/\/www.damchu.com\/?page_id=2331"},"modified":"2020-09-08T23:24:02","modified_gmt":"2020-09-08T21:24:02","slug":"1-amenagement-dune-salle-dexpression-artistique","status":"publish","type":"page","link":"https:\/\/www.damchu.com\/?page_id=2331","title":{"rendered":"Am\u00e9nagement d&rsquo;une salle d&rsquo;expression artistique"},"content":{"rendered":"<p style=\"text-align: justify;\">Le nouveau b\u00e2timent construit l&rsquo;\u00e9t\u00e9 dernier par le District abrite une salle enti\u00e8rement \u00e0 am\u00e9nager pour accueillir de la danse, de la musique, de la peinture et toute autre forme d&rsquo;expression. Nos fonds propres ne nous permettant pas de financer ce projet, nous faisons appel au financement participatif sur internet via <a href=\"https:\/\/fr.ulule.com\/damchu\/#\/\">ulule<\/a>. Vous trouverez le d\u00e9tail de ce projet sur notre page <a href=\"https:\/\/www.damchu.com\/?page_id=2196\">Actualit\u00e9s<\/a>.<\/p>\n<p style=\"text-align: left;\"><img loading=\"lazy\" decoding=\"async\" class=\"aligncenter size-full wp-image-2142\" title=\"Expression artistique 1\" src=\"http:\/\/www.damchu.com\/wp-content\/uploads\/2009\/06\/Expression-artistique-1.jpg\" alt=\"Expression artistique 1\" width=\"600\" height=\"400\" \/><\/p>\n<p style=\"text-align: left;\"><img loading=\"lazy\" decoding=\"async\" class=\"aligncenter size-full wp-image-2143\" title=\"Expression artistique 2\" src=\"http:\/\/www.damchu.com\/wp-content\/uploads\/2009\/06\/Expression-artistique-2.jpg\" alt=\"Expression artistique 2\" width=\"600\" height=\"400\" \/><\/p>\n","protected":false},"excerpt":{"rendered":"<p>Le nouveau b\u00e2timent construit l&rsquo;\u00e9t\u00e9 dernier par le District abrite une salle enti\u00e8rement \u00e0 am\u00e9nager pour accueillir de la danse, de la musique, de la peinture et toute autre forme d&rsquo;expression. Nos fonds propres ne nous permettant pas de financer &hellip; <a href=\"https:\/\/www.damchu.com\/?page_id=2331\">Continuer la lecture <span class=\"meta-nav\">&rarr;<\/span><\/a><\/p>\n","protected":false},"author":1,"featured_media":0,"parent":0,"menu_order":1,"comment_status":"closed","ping_status":"closed","template":"onecolumn-page.php","meta":{"footnotes":""},"class_list":["post-2331","page","type-page","status-publish","hentry"],"_links":{"self":[{"href":"https:\/\/www.damchu.com\/index.php?rest_route=\/wp\/v2\/pages\/2331","targetHints":{"allow":["GET"]}}],"collection":[{"href":"https:\/\/www.damchu.com\/index.php?rest_route=\/wp\/v2\/pages"}],"about":[{"href":"https:\/\/www.damchu.com\/index.php?rest_route=\/wp\/v2\/types\/page"}],"author":[{"embeddable":true,"href":"https:\/\/www.damchu.com\/index.php?rest_route=\/wp\/v2\/users\/1"}],"replies":[{"embeddable":true,"href":"https:\/\/www.damchu.com\/index.php?rest_route=%2Fwp%2Fv2%2Fcomments&post=2331"}],"version-history":[{"count":3,"href":"https:\/\/www.damchu.com\/index.php?rest_route=\/wp\/v2\/pages\/2331\/revisions"}],"predecessor-version":[{"id":4241,"href":"https:\/\/www.damchu.com\/index.php?rest_route=\/wp\/v2\/pages\/2331\/revisions\/4241"}],"wp:attachment":[{"href":"https:\/\/www.damchu.com\/index.php?rest_route=%2Fwp%2Fv2%2Fmedia&parent=2331"}],"curies":[{"name":"wp","href":"https:\/\/api.w.org\/{rel}","templated":true}]}}