{"id":2286,"date":"2014-12-16T16:38:44","date_gmt":"2014-12-16T14:38:44","guid":{"rendered":"http:\/\/www.damchu.com\/?page_id=2286"},"modified":"2020-07-08T11:44:57","modified_gmt":"2020-07-08T09:44:57","slug":"radio-breizh","status":"publish","type":"page","link":"https:\/\/www.damchu.com\/?page_id=2286","title":{"rendered":"Radio Breizh"},"content":{"rendered":"<p style=\"text-align: center;\">Emission \u00ab\u00a0PLUM BAT LA CAMPAGNE\u00a0\u00bb diffus\u00e9 le 16 Octobre 2013<\/p>\n<p>Interview de Lydia Loir, pr\u00e9sidente de l&rsquo;association Dam Chu, avant le d\u00e9part du 21 octobre 2013 pour une mission Edusol \u00e0 Lang Hoai et Lung Nguu.<br \/>\n<a href=\"http:\/\/www.radiobreizh.net\/fr\/episode.php?epid=7989\"><img decoding=\"async\" class=\"aligncenter size-full wp-image-1724\" title=\"Capture d\u2019\u00e9cran 2013-10-22 \u00e0 13.36.14\" src=\"http:\/\/www.damchu.com\/wp-content\/uploads\/2013\/10\/Capture-d\u2019\u00e9cran-2013-10-22-\u00e0-13.36.14.png\" alt=\"Capture d\u2019\u00e9cran 2013-10-22 \u00e0 13.36.14\" \/><\/a><\/p>\n<hr \/>\n","protected":false},"excerpt":{"rendered":"<p>Emission \u00ab\u00a0PLUM BAT LA CAMPAGNE\u00a0\u00bb diffus\u00e9 le 16 Octobre 2013 Interview de Lydia Loir, pr\u00e9sidente de l&rsquo;association Dam Chu, avant le d\u00e9part du 21 octobre 2013 pour une mission Edusol \u00e0 Lang Hoai et Lung Nguu.<\/p>\n","protected":false},"author":1,"featured_media":0,"parent":76,"menu_order":3,"comment_status":"closed","ping_status":"closed","template":"onecolumn-page.php","meta":{"footnotes":""},"class_list":["post-2286","page","type-page","status-publish","hentry"],"_links":{"self":[{"href":"https:\/\/www.damchu.com\/index.php?rest_route=\/wp\/v2\/pages\/2286","targetHints":{"allow":["GET"]}}],"collection":[{"href":"https:\/\/www.damchu.com\/index.php?rest_route=\/wp\/v2\/pages"}],"about":[{"href":"https:\/\/www.damchu.com\/index.php?rest_route=\/wp\/v2\/types\/page"}],"author":[{"embeddable":true,"href":"https:\/\/www.damchu.com\/index.php?rest_route=\/wp\/v2\/users\/1"}],"replies":[{"embeddable":true,"href":"https:\/\/www.damchu.com\/index.php?rest_route=%2Fwp%2Fv2%2Fcomments&post=2286"}],"version-history":[{"count":1,"href":"https:\/\/www.damchu.com\/index.php?rest_route=\/wp\/v2\/pages\/2286\/revisions"}],"predecessor-version":[{"id":2487,"href":"https:\/\/www.damchu.com\/index.php?rest_route=\/wp\/v2\/pages\/2286\/revisions\/2487"}],"up":[{"embeddable":true,"href":"https:\/\/www.damchu.com\/index.php?rest_route=\/wp\/v2\/pages\/76"}],"wp:attachment":[{"href":"https:\/\/www.damchu.com\/index.php?rest_route=%2Fwp%2Fv2%2Fmedia&parent=2286"}],"curies":[{"name":"wp","href":"https:\/\/api.w.org\/{rel}","templated":true}]}}