{"id":2280,"date":"2014-12-16T16:11:45","date_gmt":"2014-12-16T14:11:45","guid":{"rendered":"http:\/\/www.damchu.com\/?page_id=2280"},"modified":"2020-07-08T11:44:46","modified_gmt":"2020-07-08T09:44:46","slug":"le-courrier-du-vietnam","status":"publish","type":"page","link":"https:\/\/www.damchu.com\/?page_id=2280","title":{"rendered":"Le Courrier du Vietnam"},"content":{"rendered":"<p style=\"text-align: center;\">Hebdomadaire francophone sur l\u2019actualit\u00e9 du Vietnam.<\/p>\n<p style=\"text-align: center;\">Un article sur l&rsquo;association de d\u00e9cembre 2012<\/p>\n<p style=\"text-align: center;\"><a href=\"http:\/\/www.damchu.com\/wp-content\/uploads\/2014\/12\/Courrier-du-Vietnam-Dam-Chu.pdf\" target=\"_blank\" rel=\"noopener noreferrer\"><img loading=\"lazy\" decoding=\"async\" class=\"aligncenter wp-image-1600\" title=\"Le Courrier du Vietnam\" src=\"http:\/\/www.damchu.com\/wp-content\/uploads\/2012\/12\/LeCourrierduVietnam-e1418561776840.jpg\" alt=\"Le Courrier du Vietnam\" width=\"200\" height=\"262\" \/><\/a><\/p>\n<p style=\"text-align: center;\">Pour lire les \u00e9ditions de 2013 \u00e0 2014&#8230;. <a href=\"http:\/\/lecourrier.xembao.vn\/\" target=\"_blank\" rel=\"noopener noreferrer\">suivez ce lien<\/a><\/p>\n","protected":false},"excerpt":{"rendered":"<p>Hebdomadaire francophone sur l\u2019actualit\u00e9 du Vietnam. Un article sur l&rsquo;association de d\u00e9cembre 2012 Pour lire les \u00e9ditions de 2013 \u00e0 2014&#8230;. suivez ce lien<\/p>\n","protected":false},"author":1,"featured_media":0,"parent":76,"menu_order":1,"comment_status":"closed","ping_status":"closed","template":"onecolumn-page.php","meta":{"footnotes":""},"class_list":["post-2280","page","type-page","status-publish","hentry"],"_links":{"self":[{"href":"https:\/\/www.damchu.com\/index.php?rest_route=\/wp\/v2\/pages\/2280","targetHints":{"allow":["GET"]}}],"collection":[{"href":"https:\/\/www.damchu.com\/index.php?rest_route=\/wp\/v2\/pages"}],"about":[{"href":"https:\/\/www.damchu.com\/index.php?rest_route=\/wp\/v2\/types\/page"}],"author":[{"embeddable":true,"href":"https:\/\/www.damchu.com\/index.php?rest_route=\/wp\/v2\/users\/1"}],"replies":[{"embeddable":true,"href":"https:\/\/www.damchu.com\/index.php?rest_route=%2Fwp%2Fv2%2Fcomments&post=2280"}],"version-history":[{"count":2,"href":"https:\/\/www.damchu.com\/index.php?rest_route=\/wp\/v2\/pages\/2280\/revisions"}],"predecessor-version":[{"id":4169,"href":"https:\/\/www.damchu.com\/index.php?rest_route=\/wp\/v2\/pages\/2280\/revisions\/4169"}],"up":[{"embeddable":true,"href":"https:\/\/www.damchu.com\/index.php?rest_route=\/wp\/v2\/pages\/76"}],"wp:attachment":[{"href":"https:\/\/www.damchu.com\/index.php?rest_route=%2Fwp%2Fv2%2Fmedia&parent=2280"}],"curies":[{"name":"wp","href":"https:\/\/api.w.org\/{rel}","templated":true}]}}